{"id":640,"date":"2025-02-18T15:52:50","date_gmt":"2025-02-18T18:52:50","guid":{"rendered":"https:\/\/encregtel.com\/2025\/?page_id=640"},"modified":"2025-03-13T16:43:32","modified_gmt":"2025-03-13T19:43:32","slug":"novedades","status":"publish","type":"page","link":"https:\/\/encregtel.com\/2025\/novedades\/","title":{"rendered":"Novedades"},"content":{"rendered":"\t\t<div data-elementor-type=\"wp-page\" data-elementor-id=\"640\" class=\"elementor elementor-640\">\n\t\t\t\t<div class=\"elementor-element elementor-element-e4a7cbe e-flex e-con-boxed e-con e-parent\" data-id=\"e4a7cbe\" data-element_type=\"container\" data-e-type=\"container\">\n\t\t\t\t\t<div class=\"e-con-inner\">\n\t\t<div class=\"elementor-element elementor-element-7175ca2 e-con-full e-flex e-con e-child\" data-id=\"7175ca2\" data-element_type=\"container\" data-e-type=\"container\">\n\t\t\t\t<div class=\"elementor-element elementor-element-45e7b1a elementor-widget elementor-widget-heading\" data-id=\"45e7b1a\" data-element_type=\"widget\" data-e-type=\"widget\" data-widget_type=\"heading.default\">\n\t\t\t\t<div class=\"elementor-widget-container\">\n\t\t\t\t\t<h2 class=\"elementor-heading-title elementor-size-default\">NOVE\nDADES<\/h2>\t\t\t\t<\/div>\n\t\t\t\t<\/div>\n\t\t\t\t<div class=\"elementor-element elementor-element-657ca9e elementor-widget elementor-widget-heading\" data-id=\"657ca9e\" data-element_type=\"widget\" data-e-type=\"widget\" data-widget_type=\"heading.default\">\n\t\t\t\t<div class=\"elementor-widget-container\">\n\t\t\t\t\t<h2 class=\"elementor-heading-title elementor-size-default\">EncRegTel\n2025<\/h2>\t\t\t\t<\/div>\n\t\t\t\t<\/div>\n\t\t\t\t<\/div>\n\t\t<div class=\"elementor-element elementor-element-ef557cd e-con-full e-flex e-con e-child\" data-id=\"ef557cd\" data-element_type=\"container\" data-e-type=\"container\">\n\t\t\t\t<div class=\"elementor-element elementor-element-92c4d28 elementor-widget elementor-widget-shortcode\" data-id=\"92c4d28\" data-element_type=\"widget\" data-e-type=\"widget\" data-widget_type=\"shortcode.default\">\n\t\t\t\t<div class=\"elementor-widget-container\">\n\t\t\t\t\t\t\t<div class=\"elementor-shortcode\"><div id=\"bdpp-post-gridbox-1\" class=\"bdpp-wrap bdpp-lite bdpp-post-grid-box-wrap bdpp-post-data-wrap bdpp-design-1 bdpp-layout-690 bdpp-clearfix\">\r\n\t<div class=\"bdpp-post-grid-box-inr-wrap bdpp-post-data-inr-wrap bdpp-clearfix\">\t<div class=\"bdpp-post-gridbox bdpp-post-gridbox-left bdpp-col-2 bdpp-columns bdpp-post-2446 bdpp-post-standard  bdpp-has-thumb\">\r\n\t\t<div class=\"bdpp-post-grid-content\">\r\n\t\t\t\t\r\n\t\t\t<div class=\"bdpp-post-img-link\">\t\r\n\t\t\t\t<a class=\"bdpp-post-linkoverlay\" href=\"https:\/\/encregtel.com\/2025\/encregtel-rosario-2025-la-nueva-era-de-las-telecomunicaciones-se-hizo-presente\/\"><\/a>\r\n\t\t\t\t<div class=\"bdpp-post-img-bg\" style=\"height:500px; background-image:url(https:\/\/encregtel.com\/2025\/wp-content\/uploads\/2025\/06\/encregtel2025-1024x683.jpeg);\"><\/div>\r\n\t\t\t\t\t\t\t<\/div>\r\n\t\t\t\r\n\t\t\t<div class=\"bdpp-post-content-overlay\">\r\n\t\t\t\t<h2 class=\"bdpp-post-title\">\r\n\t\t\t\t\t<a href=\"https:\/\/encregtel.com\/2025\/encregtel-rosario-2025-la-nueva-era-de-las-telecomunicaciones-se-hizo-presente\/\">ENCREGTEL\u00ae Rosario 2025: La nueva era de las telecomunicaciones se hizo presente<\/a>\r\n\t\t\t\t<\/h2>\r\n\r\n\t\t\t\t\t\t\t\t<div class=\"bdpp-post-meta bdpp-post-meta-up\">\r\n\t\t\t\t\t<span class=\"bdpp-post-meta-data bdpp-post-date\"><i class=\"bdpp-fa fa-regular fa-clock\"><\/i>28 de junio de 2025<\/span>\t\t\t\t<\/div>\r\n\t\t\t\t\t\t\t<\/div>\r\n\t\t<\/div>\r\n\t<\/div>\r\n\r\n<div class=\"bdpp-post-gridbox bdpp-post-gridbox-right bdpp-col-2 bdpp-columns bdpp-post-2433 bdpp-post-standard  bdpp-has-thumb\">\r\n\t<div class=\"bdpp-post-grid-content bdpp-clearfix\">\r\n\t\t\t\t<div class=\"bdpp-col-s-4 bdpp-columns\">\r\n\t\t\t<div class=\"bdpp-post-img-bg\">\r\n\t\t\t\t<a href=\"https:\/\/encregtel.com\/2025\/completamos-nuestra-primera-jornada-con-mas-de-600-asistentes-y-1000-inscriptos-online\/\">\r\n\t\t\t\t\t<img decoding=\"async\" src=\"https:\/\/encregtel.com\/2025\/wp-content\/uploads\/2025\/06\/JRGB-150x150.jpeg\" class=\"bdpp-img bdpp-post-feat-img\" alt=\"COMPLETAMOS NUESTRA PRIMERA JORNADA CON M\u00c1S DE 600 ASISTENTES Y 1000 INSCRIPTOS ONLINE\" \/>\r\n\t\t\t\t\t\t\t\t\t<\/a>\r\n\t\t\t<\/div>\r\n\t\t<\/div>\r\n\t\t\r\n\t\t<div class=\"bdpp-col-s-8 bdpp-columns\">\r\n\t\t\t\r\n\t\t\t<div class=\"bdpp-post-content-overlay\">\r\n\t\t\t\t<h4 class=\"bdpp-post-title\">\r\n\t\t\t\t\t<a href=\"https:\/\/encregtel.com\/2025\/completamos-nuestra-primera-jornada-con-mas-de-600-asistentes-y-1000-inscriptos-online\/\">COMPLETAMOS NUESTRA PRIMERA JORNADA CON M\u00c1S DE 600 ASISTENTES Y 1000 INSCRIPTOS ONLINE<\/a>\r\n\t\t\t\t<\/h4>\r\n\r\n\t\t\t\t\t\t\t\t<div class=\"bdpp-post-meta bdpp-post-meta-up\">\r\n\t\t\t\t\t<span class=\"bdpp-post-meta-data bdpp-post-date\"><i class=\"bdpp-fa fa-regular fa-clock\"><\/i>25 de junio de 2025<\/span>\t\t\t\t<\/div>\r\n\t\t\t\t\t\t\t<\/div>\r\n\t\t<\/div>\r\n\t<\/div>\r\n<\/div>\r\n\r\n<div class=\"bdpp-post-gridbox bdpp-post-gridbox-right bdpp-col-2 bdpp-columns bdpp-post-2377 bdpp-post-standard  bdpp-has-thumb\">\r\n\t<div class=\"bdpp-post-grid-content bdpp-clearfix\">\r\n\t\t\t\t<div class=\"bdpp-col-s-4 bdpp-columns\">\r\n\t\t\t<div class=\"bdpp-post-img-bg\">\r\n\t\t\t\t<a href=\"https:\/\/encregtel.com\/2025\/entrevista-a-sabrina-catini-en-canal-6-ertv\/\">\r\n\t\t\t\t\t<img decoding=\"async\" src=\"https:\/\/encregtel.com\/2025\/wp-content\/uploads\/2025\/06\/Sabrina-Catini-150x150.jpg\" class=\"bdpp-img bdpp-post-feat-img\" alt=\"Entrevista a Sabrina Catini en Canal 6 ERTV\" \/>\r\n\t\t\t\t\t\t\t\t\t<\/a>\r\n\t\t\t<\/div>\r\n\t\t<\/div>\r\n\t\t\r\n\t\t<div class=\"bdpp-col-s-8 bdpp-columns\">\r\n\t\t\t\r\n\t\t\t<div class=\"bdpp-post-content-overlay\">\r\n\t\t\t\t<h4 class=\"bdpp-post-title\">\r\n\t\t\t\t\t<a href=\"https:\/\/encregtel.com\/2025\/entrevista-a-sabrina-catini-en-canal-6-ertv\/\">Entrevista a Sabrina Catini en Canal 6 ERTV<\/a>\r\n\t\t\t\t<\/h4>\r\n\r\n\t\t\t\t\t\t\t\t<div class=\"bdpp-post-meta bdpp-post-meta-up\">\r\n\t\t\t\t\t<span class=\"bdpp-post-meta-data bdpp-post-date\"><i class=\"bdpp-fa fa-regular fa-clock\"><\/i>22 de junio de 2025<\/span>\t\t\t\t<\/div>\r\n\t\t\t\t\t\t\t<\/div>\r\n\t\t<\/div>\r\n\t<\/div>\r\n<\/div>\r\n\r\n<div class=\"bdpp-post-gridbox bdpp-post-gridbox-right bdpp-col-2 bdpp-columns bdpp-post-2344 bdpp-post-standard  bdpp-has-thumb\">\r\n\t<div class=\"bdpp-post-grid-content bdpp-clearfix\">\r\n\t\t\t\t<div class=\"bdpp-col-s-4 bdpp-columns\">\r\n\t\t\t<div class=\"bdpp-post-img-bg\">\r\n\t\t\t\t<a href=\"https:\/\/encregtel.com\/2025\/completamos-nuestra-agenda-academica-con-mas-de-15-capacitaciones-de-primer-nivel\/\">\r\n\t\t\t\t\t<img decoding=\"async\" src=\"https:\/\/encregtel.com\/2025\/wp-content\/uploads\/2025\/06\/capacitaciones-encregtel2025-150x150.jpg\" class=\"bdpp-img bdpp-post-feat-img\" alt=\"COMPLETAMOS NUESTRA AGENDA ACAD\u00c9MICA CON M\u00c1S DE 15 CAPACITACIONES DE PRIMER NIVEL\" \/>\r\n\t\t\t\t\t\t\t\t\t<\/a>\r\n\t\t\t<\/div>\r\n\t\t<\/div>\r\n\t\t\r\n\t\t<div class=\"bdpp-col-s-8 bdpp-columns\">\r\n\t\t\t\r\n\t\t\t<div class=\"bdpp-post-content-overlay\">\r\n\t\t\t\t<h4 class=\"bdpp-post-title\">\r\n\t\t\t\t\t<a href=\"https:\/\/encregtel.com\/2025\/completamos-nuestra-agenda-academica-con-mas-de-15-capacitaciones-de-primer-nivel\/\">COMPLETAMOS NUESTRA AGENDA ACAD\u00c9MICA CON M\u00c1S DE 15 CAPACITACIONES DE PRIMER NIVEL<\/a>\r\n\t\t\t\t<\/h4>\r\n\r\n\t\t\t\t\t\t\t\t<div class=\"bdpp-post-meta bdpp-post-meta-up\">\r\n\t\t\t\t\t<span class=\"bdpp-post-meta-data bdpp-post-date\"><i class=\"bdpp-fa fa-regular fa-clock\"><\/i>18 de junio de 2025<\/span>\t\t\t\t<\/div>\r\n\t\t\t\t\t\t\t<\/div>\r\n\t\t<\/div>\r\n\t<\/div>\r\n<\/div>\r\n\r\n<div class=\"bdpp-post-gridbox bdpp-post-gridbox-right bdpp-col-2 bdpp-columns bdpp-post-2200 bdpp-post-standard  bdpp-has-thumb\">\r\n\t<div class=\"bdpp-post-grid-content bdpp-clearfix\">\r\n\t\t\t\t<div class=\"bdpp-col-s-4 bdpp-columns\">\r\n\t\t\t<div class=\"bdpp-post-img-bg\">\r\n\t\t\t\t<a href=\"https:\/\/encregtel.com\/2025\/entrevista-a-pablo-moncho-sobre-taller-de-streaming\/\">\r\n\t\t\t\t\t<img decoding=\"async\" src=\"https:\/\/encregtel.com\/2025\/wp-content\/uploads\/2025\/06\/entrevista-pablo-moncho-150x150.jpg\" class=\"bdpp-img bdpp-post-feat-img\" alt=\"Entrevista a Pablo Moncho sobre Taller de Streaming\" \/>\r\n\t\t\t\t\t\t\t\t\t<\/a>\r\n\t\t\t<\/div>\r\n\t\t<\/div>\r\n\t\t\r\n\t\t<div class=\"bdpp-col-s-8 bdpp-columns\">\r\n\t\t\t\r\n\t\t\t<div class=\"bdpp-post-content-overlay\">\r\n\t\t\t\t<h4 class=\"bdpp-post-title\">\r\n\t\t\t\t\t<a href=\"https:\/\/encregtel.com\/2025\/entrevista-a-pablo-moncho-sobre-taller-de-streaming\/\">Entrevista a Pablo Moncho sobre Taller de Streaming<\/a>\r\n\t\t\t\t<\/h4>\r\n\r\n\t\t\t\t\t\t\t\t<div class=\"bdpp-post-meta bdpp-post-meta-up\">\r\n\t\t\t\t\t<span class=\"bdpp-post-meta-data bdpp-post-date\"><i class=\"bdpp-fa fa-regular fa-clock\"><\/i>11 de junio de 2025<\/span>\t\t\t\t<\/div>\r\n\t\t\t\t\t\t\t<\/div>\r\n\t\t<\/div>\r\n\t<\/div>\r\n<\/div>\r\n\r\n<div class=\"bdpp-post-gridbox bdpp-post-gridbox-right bdpp-col-2 bdpp-columns bdpp-post-2005 bdpp-post-standard  bdpp-has-thumb\">\r\n\t<div class=\"bdpp-post-grid-content bdpp-clearfix\">\r\n\t\t\t\t<div class=\"bdpp-col-s-4 bdpp-columns\">\r\n\t\t\t<div class=\"bdpp-post-img-bg\">\r\n\t\t\t\t<a href=\"https:\/\/encregtel.com\/2025\/soluciones-inteligentes-para-streaming-y-estrategias-para-creadores-multiplataformas-en-encregtel-2025\/\">\r\n\t\t\t\t\t<img decoding=\"async\" src=\"https:\/\/encregtel.com\/2025\/wp-content\/uploads\/2025\/06\/Cadero-150x150.jpg\" class=\"bdpp-img bdpp-post-feat-img\" alt=\"Soluciones Inteligentes para Streaming y Estrategias para Creadores Multiplataformas en\u00a0ENCREGTEL\u00ae 2025\" \/>\r\n\t\t\t\t\t\t\t\t\t<\/a>\r\n\t\t\t<\/div>\r\n\t\t<\/div>\r\n\t\t\r\n\t\t<div class=\"bdpp-col-s-8 bdpp-columns\">\r\n\t\t\t\r\n\t\t\t<div class=\"bdpp-post-content-overlay\">\r\n\t\t\t\t<h4 class=\"bdpp-post-title\">\r\n\t\t\t\t\t<a href=\"https:\/\/encregtel.com\/2025\/soluciones-inteligentes-para-streaming-y-estrategias-para-creadores-multiplataformas-en-encregtel-2025\/\">Soluciones Inteligentes para Streaming y Estrategias para Creadores Multiplataformas en\u00a0ENCREGTEL\u00ae 2025<\/a>\r\n\t\t\t\t<\/h4>\r\n\r\n\t\t\t\t\t\t\t\t<div class=\"bdpp-post-meta bdpp-post-meta-up\">\r\n\t\t\t\t\t<span class=\"bdpp-post-meta-data bdpp-post-date\"><i class=\"bdpp-fa fa-regular fa-clock\"><\/i>4 de junio de 2025<\/span>\t\t\t\t<\/div>\r\n\t\t\t\t\t\t\t<\/div>\r\n\t\t<\/div>\r\n\t<\/div>\r\n<\/div>\r\n\r\n<div class=\"bdpp-post-gridbox bdpp-post-gridbox-right bdpp-col-2 bdpp-columns bdpp-post-1865 bdpp-post-standard  bdpp-has-thumb\">\r\n\t<div class=\"bdpp-post-grid-content bdpp-clearfix\">\r\n\t\t\t\t<div class=\"bdpp-col-s-4 bdpp-columns\">\r\n\t\t\t<div class=\"bdpp-post-img-bg\">\r\n\t\t\t\t<a href=\"https:\/\/encregtel.com\/2025\/reforzamos-nuestra-agenda-academica-con-dos-disertaciones-de-lujo\/\">\r\n\t\t\t\t\t<img decoding=\"async\" src=\"https:\/\/encregtel.com\/2025\/wp-content\/uploads\/2025\/05\/JRGB-150x150.jpg\" class=\"bdpp-img bdpp-post-feat-img\" alt=\"REFORZAMOS NUESTRA AGENDA ACAD\u00c9MICA CON DOS DISERTACIONES DE LUJO\" \/>\r\n\t\t\t\t\t\t\t\t\t<\/a>\r\n\t\t\t<\/div>\r\n\t\t<\/div>\r\n\t\t\r\n\t\t<div class=\"bdpp-col-s-8 bdpp-columns\">\r\n\t\t\t\r\n\t\t\t<div class=\"bdpp-post-content-overlay\">\r\n\t\t\t\t<h4 class=\"bdpp-post-title\">\r\n\t\t\t\t\t<a href=\"https:\/\/encregtel.com\/2025\/reforzamos-nuestra-agenda-academica-con-dos-disertaciones-de-lujo\/\">REFORZAMOS NUESTRA AGENDA ACAD\u00c9MICA CON DOS DISERTACIONES DE LUJO<\/a>\r\n\t\t\t\t<\/h4>\r\n\r\n\t\t\t\t\t\t\t\t<div class=\"bdpp-post-meta bdpp-post-meta-up\">\r\n\t\t\t\t\t<span class=\"bdpp-post-meta-data bdpp-post-date\"><i class=\"bdpp-fa fa-regular fa-clock\"><\/i>26 de mayo de 2025<\/span>\t\t\t\t<\/div>\r\n\t\t\t\t\t\t\t<\/div>\r\n\t\t<\/div>\r\n\t<\/div>\r\n<\/div>\r\n\r\n<div class=\"bdpp-post-gridbox bdpp-post-gridbox-right bdpp-col-2 bdpp-columns bdpp-post-1786 bdpp-post-standard  bdpp-has-thumb\">\r\n\t<div class=\"bdpp-post-grid-content bdpp-clearfix\">\r\n\t\t\t\t<div class=\"bdpp-col-s-4 bdpp-columns\">\r\n\t\t\t<div class=\"bdpp-post-img-bg\">\r\n\t\t\t\t<a href=\"https:\/\/encregtel.com\/2025\/dos-nuevas-capacitaciones-sobre-innovacion-tecnologica-que-cambiaran-el-futuro-de-las-telecomunicaciones\/\">\r\n\t\t\t\t\t<img decoding=\"async\" src=\"https:\/\/encregtel.com\/2025\/wp-content\/uploads\/2025\/05\/JRGB-EncRegTel2025-150x150.png\" class=\"bdpp-img bdpp-post-feat-img\" alt=\"DOS NUEVAS CAPACITACIONES SOBRE INNOVACI\u00d3N TECNOL\u00d3GICA QUE CAMBIAR\u00c1N EL FUTURO DE LAS TELECOMUNICACIONES\" \/>\r\n\t\t\t\t\t\t\t\t\t<\/a>\r\n\t\t\t<\/div>\r\n\t\t<\/div>\r\n\t\t\r\n\t\t<div class=\"bdpp-col-s-8 bdpp-columns\">\r\n\t\t\t\r\n\t\t\t<div class=\"bdpp-post-content-overlay\">\r\n\t\t\t\t<h4 class=\"bdpp-post-title\">\r\n\t\t\t\t\t<a href=\"https:\/\/encregtel.com\/2025\/dos-nuevas-capacitaciones-sobre-innovacion-tecnologica-que-cambiaran-el-futuro-de-las-telecomunicaciones\/\">DOS NUEVAS CAPACITACIONES SOBRE INNOVACI\u00d3N TECNOL\u00d3GICA QUE CAMBIAR\u00c1N EL FUTURO DE LAS TELECOMUNICACIONES<\/a>\r\n\t\t\t\t<\/h4>\r\n\r\n\t\t\t\t\t\t\t\t<div class=\"bdpp-post-meta bdpp-post-meta-up\">\r\n\t\t\t\t\t<span class=\"bdpp-post-meta-data bdpp-post-date\"><i class=\"bdpp-fa fa-regular fa-clock\"><\/i>20 de mayo de 2025<\/span>\t\t\t\t<\/div>\r\n\t\t\t\t\t\t\t<\/div>\r\n\t\t<\/div>\r\n\t<\/div>\r\n<\/div>\r\n\r\n<div class=\"bdpp-post-gridbox bdpp-post-gridbox-right bdpp-col-2 bdpp-columns bdpp-post-1686 bdpp-post-standard  bdpp-has-thumb\">\r\n\t<div class=\"bdpp-post-grid-content bdpp-clearfix\">\r\n\t\t\t\t<div class=\"bdpp-col-s-4 bdpp-columns\">\r\n\t\t\t<div class=\"bdpp-post-img-bg\">\r\n\t\t\t\t<a href=\"https:\/\/encregtel.com\/2025\/encregtel-2025-suma-dos-nuevos-seminarios-sobre-inteligencia-artificial-en-telecomunicaciones-y-nuevas-formas-de-comunicacion\/\">\r\n\t\t\t\t\t<img decoding=\"async\" src=\"https:\/\/encregtel.com\/2025\/wp-content\/uploads\/2025\/05\/483364334_1033997402093382_5927324602180537080_n_upscayl_3x_realesrgan-x4plus-1-150x150.png\" class=\"bdpp-img bdpp-post-feat-img\" alt=\"ENCREGTEL\u00ae 2025 SUMA DOS NUEVOS SEMINARIOS SOBRE INTELIGENCIA ARTIFICIAL EN TELECOMUNICACIONES Y NUEVAS FORMAS DE COMUNICACI\u00d3N\" \/>\r\n\t\t\t\t\t\t\t\t\t<\/a>\r\n\t\t\t<\/div>\r\n\t\t<\/div>\r\n\t\t\r\n\t\t<div class=\"bdpp-col-s-8 bdpp-columns\">\r\n\t\t\t\r\n\t\t\t<div class=\"bdpp-post-content-overlay\">\r\n\t\t\t\t<h4 class=\"bdpp-post-title\">\r\n\t\t\t\t\t<a href=\"https:\/\/encregtel.com\/2025\/encregtel-2025-suma-dos-nuevos-seminarios-sobre-inteligencia-artificial-en-telecomunicaciones-y-nuevas-formas-de-comunicacion\/\">ENCREGTEL\u00ae 2025 SUMA DOS NUEVOS SEMINARIOS SOBRE INTELIGENCIA ARTIFICIAL EN TELECOMUNICACIONES Y NUEVAS FORMAS DE COMUNICACI\u00d3N<\/a>\r\n\t\t\t\t<\/h4>\r\n\r\n\t\t\t\t\t\t\t\t<div class=\"bdpp-post-meta bdpp-post-meta-up\">\r\n\t\t\t\t\t<span class=\"bdpp-post-meta-data bdpp-post-date\"><i class=\"bdpp-fa fa-regular fa-clock\"><\/i>13 de mayo de 2025<\/span>\t\t\t\t<\/div>\r\n\t\t\t\t\t\t\t<\/div>\r\n\t\t<\/div>\r\n\t<\/div>\r\n<\/div>\r\n\r\n<div class=\"bdpp-post-gridbox bdpp-post-gridbox-right bdpp-col-2 bdpp-columns bdpp-post-1688 bdpp-post-standard  bdpp-has-thumb\">\r\n\t<div class=\"bdpp-post-grid-content bdpp-clearfix\">\r\n\t\t\t\t<div class=\"bdpp-col-s-4 bdpp-columns\">\r\n\t\t\t<div class=\"bdpp-post-img-bg\">\r\n\t\t\t\t<a href=\"https:\/\/encregtel.com\/2025\/encregtel-2025-confirmo-sus-primeros-seminarios\/\">\r\n\t\t\t\t\t<img decoding=\"async\" src=\"https:\/\/encregtel.com\/2025\/wp-content\/uploads\/2025\/05\/seminarios-150x150.jpg\" class=\"bdpp-img bdpp-post-feat-img\" alt=\"ENCREGTEL\u00ae 2025 CONFIRM\u00d3 SUS PRIMEROS SEMINARIOS\" \/>\r\n\t\t\t\t\t\t\t\t\t<\/a>\r\n\t\t\t<\/div>\r\n\t\t<\/div>\r\n\t\t\r\n\t\t<div class=\"bdpp-col-s-8 bdpp-columns\">\r\n\t\t\t\r\n\t\t\t<div class=\"bdpp-post-content-overlay\">\r\n\t\t\t\t<h4 class=\"bdpp-post-title\">\r\n\t\t\t\t\t<a href=\"https:\/\/encregtel.com\/2025\/encregtel-2025-confirmo-sus-primeros-seminarios\/\">ENCREGTEL\u00ae 2025 CONFIRM\u00d3 SUS PRIMEROS SEMINARIOS<\/a>\r\n\t\t\t\t<\/h4>\r\n\r\n\t\t\t\t\t\t\t\t<div class=\"bdpp-post-meta bdpp-post-meta-up\">\r\n\t\t\t\t\t<span class=\"bdpp-post-meta-data bdpp-post-date\"><i class=\"bdpp-fa fa-regular fa-clock\"><\/i>8 de mayo de 2025<\/span>\t\t\t\t<\/div>\r\n\t\t\t\t\t\t\t<\/div>\r\n\t\t<\/div>\r\n\t<\/div>\r\n<\/div>\r\n\r\n<div class=\"bdpp-post-gridbox bdpp-post-gridbox-right bdpp-col-2 bdpp-columns bdpp-post-1680 bdpp-post-standard  bdpp-has-thumb\">\r\n\t<div class=\"bdpp-post-grid-content bdpp-clearfix\">\r\n\t\t\t\t<div class=\"bdpp-col-s-4 bdpp-columns\">\r\n\t\t\t<div class=\"bdpp-post-img-bg\">\r\n\t\t\t\t<a href=\"https:\/\/encregtel.com\/2025\/ya-estan-abiertas-las-inscripciones-para-encregtel-2025\/\">\r\n\t\t\t\t\t<img decoding=\"async\" src=\"https:\/\/encregtel.com\/2025\/wp-content\/uploads\/2025\/05\/AcreditacionesERT-150x150.jpg\" class=\"bdpp-img bdpp-post-feat-img\" alt=\"YA EST\u00c1N ABIERTAS LAS INSCRIPCIONES PARA ENCREGTEL\u00ae 2025\" \/>\r\n\t\t\t\t\t\t\t\t\t<\/a>\r\n\t\t\t<\/div>\r\n\t\t<\/div>\r\n\t\t\r\n\t\t<div class=\"bdpp-col-s-8 bdpp-columns\">\r\n\t\t\t\r\n\t\t\t<div class=\"bdpp-post-content-overlay\">\r\n\t\t\t\t<h4 class=\"bdpp-post-title\">\r\n\t\t\t\t\t<a href=\"https:\/\/encregtel.com\/2025\/ya-estan-abiertas-las-inscripciones-para-encregtel-2025\/\">YA EST\u00c1N ABIERTAS LAS INSCRIPCIONES PARA ENCREGTEL\u00ae 2025<\/a>\r\n\t\t\t\t<\/h4>\r\n\r\n\t\t\t\t\t\t\t\t<div class=\"bdpp-post-meta bdpp-post-meta-up\">\r\n\t\t\t\t\t<span class=\"bdpp-post-meta-data bdpp-post-date\"><i class=\"bdpp-fa fa-regular fa-clock\"><\/i>5 de mayo de 2025<\/span>\t\t\t\t<\/div>\r\n\t\t\t\t\t\t\t<\/div>\r\n\t\t<\/div>\r\n\t<\/div>\r\n<\/div>\r\n\r\n<div class=\"bdpp-post-gridbox bdpp-post-gridbox-right bdpp-col-2 bdpp-columns bdpp-post-926 bdpp-post-standard  bdpp-has-thumb\">\r\n\t<div class=\"bdpp-post-grid-content bdpp-clearfix\">\r\n\t\t\t\t<div class=\"bdpp-col-s-4 bdpp-columns\">\r\n\t\t\t<div class=\"bdpp-post-img-bg\">\r\n\t\t\t\t<a href=\"https:\/\/encregtel.com\/2025\/sumamos-a-horizon-y-a-artic-como-main-sponsors\/\">\r\n\t\t\t\t\t<img decoding=\"async\" src=\"https:\/\/encregtel.com\/2025\/wp-content\/uploads\/2025\/04\/ENCREGTEL-Rosario-150x150.jpg\" class=\"bdpp-img bdpp-post-feat-img\" alt=\"SUMAMOS A HORIZON Y A ARTIC COMO MAIN SPONSORS\" \/>\r\n\t\t\t\t\t\t\t\t\t<\/a>\r\n\t\t\t<\/div>\r\n\t\t<\/div>\r\n\t\t\r\n\t\t<div class=\"bdpp-col-s-8 bdpp-columns\">\r\n\t\t\t\r\n\t\t\t<div class=\"bdpp-post-content-overlay\">\r\n\t\t\t\t<h4 class=\"bdpp-post-title\">\r\n\t\t\t\t\t<a href=\"https:\/\/encregtel.com\/2025\/sumamos-a-horizon-y-a-artic-como-main-sponsors\/\">SUMAMOS A HORIZON Y A ARTIC COMO MAIN SPONSORS<\/a>\r\n\t\t\t\t<\/h4>\r\n\r\n\t\t\t\t\t\t\t\t<div class=\"bdpp-post-meta bdpp-post-meta-up\">\r\n\t\t\t\t\t<span class=\"bdpp-post-meta-data bdpp-post-date\"><i class=\"bdpp-fa fa-regular fa-clock\"><\/i>15 de abril de 2025<\/span>\t\t\t\t<\/div>\r\n\t\t\t\t\t\t\t<\/div>\r\n\t\t<\/div>\r\n\t<\/div>\r\n<\/div>\r\n\r\n<div class=\"bdpp-post-gridbox bdpp-post-gridbox-right bdpp-col-2 bdpp-columns bdpp-post-516 bdpp-post-standard  bdpp-has-thumb\">\r\n\t<div class=\"bdpp-post-grid-content bdpp-clearfix\">\r\n\t\t\t\t<div class=\"bdpp-col-s-4 bdpp-columns\">\r\n\t\t\t<div class=\"bdpp-post-img-bg\">\r\n\t\t\t\t<a href=\"https:\/\/encregtel.com\/2025\/ya-tenemos-el-40-de-los-stands-reservados\/\">\r\n\t\t\t\t\t<img decoding=\"async\" src=\"https:\/\/encregtel.com\/2025\/wp-content\/uploads\/2025\/02\/expo-encregtel-rosario-150x150.jpg\" class=\"bdpp-img bdpp-post-feat-img\" alt=\"YA TENEMOS EL 40% DE LOS STANDS RESERVADOS\" \/>\r\n\t\t\t\t\t\t\t\t\t<\/a>\r\n\t\t\t<\/div>\r\n\t\t<\/div>\r\n\t\t\r\n\t\t<div class=\"bdpp-col-s-8 bdpp-columns\">\r\n\t\t\t\r\n\t\t\t<div class=\"bdpp-post-content-overlay\">\r\n\t\t\t\t<h4 class=\"bdpp-post-title\">\r\n\t\t\t\t\t<a href=\"https:\/\/encregtel.com\/2025\/ya-tenemos-el-40-de-los-stands-reservados\/\">YA TENEMOS EL 40% DE LOS STANDS RESERVADOS<\/a>\r\n\t\t\t\t<\/h4>\r\n\r\n\t\t\t\t\t\t\t\t<div class=\"bdpp-post-meta bdpp-post-meta-up\">\r\n\t\t\t\t\t<span class=\"bdpp-post-meta-data bdpp-post-date\"><i class=\"bdpp-fa fa-regular fa-clock\"><\/i>11 de febrero de 2025<\/span>\t\t\t\t<\/div>\r\n\t\t\t\t\t\t\t<\/div>\r\n\t\t<\/div>\r\n\t<\/div>\r\n<\/div>\r\n\r\n<div class=\"bdpp-post-gridbox bdpp-post-gridbox-right bdpp-col-2 bdpp-columns bdpp-post-506 bdpp-post-standard  bdpp-has-thumb\">\r\n\t<div class=\"bdpp-post-grid-content bdpp-clearfix\">\r\n\t\t\t\t<div class=\"bdpp-col-s-4 bdpp-columns\">\r\n\t\t\t<div class=\"bdpp-post-img-bg\">\r\n\t\t\t\t<a href=\"https:\/\/encregtel.com\/2025\/en-2025-volvemos-a-rosario\/\">\r\n\t\t\t\t\t<img decoding=\"async\" src=\"https:\/\/encregtel.com\/2025\/wp-content\/uploads\/2024\/12\/rostower-puerta-150x150.jpg\" class=\"bdpp-img bdpp-post-feat-img\" alt=\"EN 2025 VOLVEMOS A ROSARIO\" \/>\r\n\t\t\t\t\t\t\t\t\t<\/a>\r\n\t\t\t<\/div>\r\n\t\t<\/div>\r\n\t\t\r\n\t\t<div class=\"bdpp-col-s-8 bdpp-columns\">\r\n\t\t\t\r\n\t\t\t<div class=\"bdpp-post-content-overlay\">\r\n\t\t\t\t<h4 class=\"bdpp-post-title\">\r\n\t\t\t\t\t<a href=\"https:\/\/encregtel.com\/2025\/en-2025-volvemos-a-rosario\/\">EN 2025 VOLVEMOS A ROSARIO<\/a>\r\n\t\t\t\t<\/h4>\r\n\r\n\t\t\t\t\t\t\t\t<div class=\"bdpp-post-meta bdpp-post-meta-up\">\r\n\t\t\t\t\t<span class=\"bdpp-post-meta-data bdpp-post-date\"><i class=\"bdpp-fa fa-regular fa-clock\"><\/i>7 de enero de 2025<\/span>\t\t\t\t<\/div>\r\n\t\t\t\t\t\t\t<\/div>\r\n\t\t<\/div>\r\n\t<\/div>\r\n<\/div>\r\n\t<\/div>\r\n\t<\/div><\/div>\n\t\t\t\t\t\t<\/div>\n\t\t\t\t<\/div>\n\t\t\t\t<\/div>\n\t\t\t\t\t<\/div>\n\t\t\t\t<\/div>\n\t\t\t\t<\/div>\n\t\t","protected":false},"excerpt":{"rendered":"<p>NOVE DADES EncRegTel 2025<\/p>\n","protected":false},"author":3,"featured_media":0,"parent":0,"menu_order":0,"comment_status":"closed","ping_status":"closed","template":"","meta":{"_ppp_document_settings_meta":"","site-sidebar-layout":"no-sidebar","site-content-layout":"","ast-site-content-layout":"full-width-container","site-content-style":"default","site-sidebar-style":"default","ast-global-header-display":"","ast-banner-title-visibility":"","ast-main-header-display":"","ast-hfb-above-header-display":"","ast-hfb-below-header-display":"","ast-hfb-mobile-header-display":"","site-post-title":"disabled","ast-breadcrumbs-content":"","ast-featured-img":"disabled","footer-sml-layout":"","ast-disable-related-posts":"","theme-transparent-header-meta":"","adv-header-id-meta":"","stick-header-meta":"","header-above-stick-meta":"","header-main-stick-meta":"","header-below-stick-meta":"","astra-migrate-meta-layouts":"default","ast-page-background-enabled":"default","ast-page-background-meta":{"desktop":{"background-color":"var(--ast-global-color-5)","background-image":"","background-repeat":"repeat","background-position":"center center","background-size":"auto","background-attachment":"scroll","background-type":"","background-media":"","overlay-type":"","overlay-color":"","overlay-opacity":"","overlay-gradient":""},"tablet":{"background-color":"","background-image":"","background-repeat":"repeat","background-position":"center center","background-size":"auto","background-attachment":"scroll","background-type":"","background-media":"","overlay-type":"","overlay-color":"","overlay-opacity":"","overlay-gradient":""},"mobile":{"background-color":"","background-image":"","background-repeat":"repeat","background-position":"center center","background-size":"auto","background-attachment":"scroll","background-type":"","background-media":"","overlay-type":"","overlay-color":"","overlay-opacity":"","overlay-gradient":""}},"ast-content-background-meta":{"desktop":{"background-color":"var(--ast-global-color-4)","background-image":"","background-repeat":"repeat","background-position":"center center","background-size":"auto","background-attachment":"scroll","background-type":"","background-media":"","overlay-type":"","overlay-color":"","overlay-opacity":"","overlay-gradient":""},"tablet":{"background-color":"var(--ast-global-color-4)","background-image":"","background-repeat":"repeat","background-position":"center center","background-size":"auto","background-attachment":"scroll","background-type":"","background-media":"","overlay-type":"","overlay-color":"","overlay-opacity":"","overlay-gradient":""},"mobile":{"background-color":"var(--ast-global-color-4)","background-image":"","background-repeat":"repeat","background-position":"center center","background-size":"auto","background-attachment":"scroll","background-type":"","background-media":"","overlay-type":"","overlay-color":"","overlay-opacity":"","overlay-gradient":""}},"footnotes":""},"class_list":["post-640","page","type-page","status-publish","hentry"],"_links":{"self":[{"href":"https:\/\/encregtel.com\/2025\/wp-json\/wp\/v2\/pages\/640","targetHints":{"allow":["GET"]}}],"collection":[{"href":"https:\/\/encregtel.com\/2025\/wp-json\/wp\/v2\/pages"}],"about":[{"href":"https:\/\/encregtel.com\/2025\/wp-json\/wp\/v2\/types\/page"}],"author":[{"embeddable":true,"href":"https:\/\/encregtel.com\/2025\/wp-json\/wp\/v2\/users\/3"}],"replies":[{"embeddable":true,"href":"https:\/\/encregtel.com\/2025\/wp-json\/wp\/v2\/comments?post=640"}],"version-history":[{"count":19,"href":"https:\/\/encregtel.com\/2025\/wp-json\/wp\/v2\/pages\/640\/revisions"}],"predecessor-version":[{"id":740,"href":"https:\/\/encregtel.com\/2025\/wp-json\/wp\/v2\/pages\/640\/revisions\/740"}],"wp:attachment":[{"href":"https:\/\/encregtel.com\/2025\/wp-json\/wp\/v2\/media?parent=640"}],"curies":[{"name":"wp","href":"https:\/\/api.w.org\/{rel}","templated":true}]}}